{"id":5341,"date":"2023-05-18T09:54:50","date_gmt":"2023-05-18T07:54:50","guid":{"rendered":"https:\/\/www.hamburg-convention.com\/sustainability\/sustainable-event-planning\/"},"modified":"2025-10-09T08:39:32","modified_gmt":"2025-10-09T06:39:32","slug":"sustainable-event-planning","status":"publish","type":"page","link":"https:\/\/www.hamburg-convention.com\/en\/sustainability\/sustainable-event-planning\/","title":{"rendered":"Sustainable Event Planning"},"content":{"rendered":"<p>[et_pb_section fb_built=&#8221;1&#8243; _builder_version=&#8221;4.21.0&#8243; _dynamic_attributes=&#8221;background_image&#8221; _module_preset=&#8221;643001bb-e711-4da4-bcb3-3f73c2431eeb&#8221; background_image=&#8221;@ET-DC@eyJkeW5hbWljIjp0cnVlLCJjb250ZW50IjoicG9zdF9mZWF0dXJlZF9pbWFnZSIsInNldHRpbmdzIjp7fX0=@&#8221; global_colors_info=&#8221;{}&#8221;][et_pb_row _builder_version=&#8221;4.19.3&#8243; _module_preset=&#8221;96606333-d316-4b66-b59b-879964f697da&#8221; global_colors_info=&#8221;{}&#8221;][et_pb_column type=&#8221;4_4&#8243; _builder_version=&#8221;4.19.3&#8243; _module_preset=&#8221;default&#8221; global_colors_info=&#8221;{}&#8221;][et_pb_text _builder_version=&#8221;4.21.0&#8243; _module_preset=&#8221;e220351b-b4b2-4b64-9718-683af30f251a&#8221; text_font_size=&#8221;1.5em&#8221; text_line_height=&#8221;1.9em&#8221; text_orientation=&#8221;center&#8221; background_layout=&#8221;dark&#8221; custom_margin=&#8221;||0px||false|false&#8221; custom_padding=&#8221;||0px|||&#8221; text_font_size_tablet=&#8221;1.5em&#8221; text_font_size_phone=&#8221;1em&#8221; text_font_size_last_edited=&#8221;on|desktop&#8221; text_line_height_tablet=&#8221;1.9em&#8221; text_line_height_phone=&#8221;1.7em&#8221; text_line_height_last_edited=&#8221;on|phone&#8221; text_orientation_tablet=&#8221;center&#8221; text_orientation_phone=&#8221;&#8221; text_orientation_last_edited=&#8221;on|tablet&#8221; text_text_shadow_style=&#8221;preset3&#8243; text_text_shadow_color=&#8221;#000000&#8243; global_colors_info=&#8221;{}&#8221;]<\/p>\n<h1>Sustainable Event Planning<\/h1>\n<p><\/p>\n<h2>Raised bed meet CO<strong>\u2082<\/strong> compensation<\/h2>\n<p>[\/et_pb_text][\/et_pb_column][\/et_pb_row][et_pb_row _builder_version=&#8221;4.19.4&#8243; _module_preset=&#8221;2fcf2e27-de1c-4318-a1bb-62ae541fe050&#8243; positioning=&#8221;absolute&#8221; position_origin_a=&#8221;bottom_right&#8221; custom_padding=&#8221;|10px|0px|10px|false|true&#8221; global_colors_info=&#8221;{}&#8221;][et_pb_column type=&#8221;4_4&#8243; _builder_version=&#8221;4.19.4&#8243; _module_preset=&#8221;default&#8221; global_colors_info=&#8221;{}&#8221;][et_pb_text _builder_version=&#8221;4.21.0&#8243; _module_preset=&#8221;aec2865a-b7d0-4c6f-a140-4f85607e0f14&#8243; text_text_color=&#8221;#FFFFFF&#8221; global_colors_info=&#8221;{}&#8221;]<\/p>\n<p>\u00a9 Schuppen52<\/p>\n<p>[\/et_pb_text][\/et_pb_column][\/et_pb_row][\/et_pb_section][et_pb_section fb_built=&#8221;1&#8243; _builder_version=&#8221;4.19.4&#8243; _module_preset=&#8221;53b11fd9-ffd6-4fdb-ba00-ecc28ad28f74&#8243; top_divider_color=&#8221;rgba(0,92,169,0.05)&#8221; top_divider_height=&#8221;1000px&#8221; global_colors_info=&#8221;{}&#8221;][et_pb_row column_structure=&#8221;1_2,1_2&#8243; make_equal=&#8221;on&#8221; _builder_version=&#8221;4.25.1&#8243; _module_preset=&#8221;2fcf2e27-de1c-4318-a1bb-62ae541fe050&#8243; global_colors_info=&#8221;{}&#8221;][et_pb_column type=&#8221;1_2&#8243; module_class=&#8221;vertical-align&#8221; _builder_version=&#8221;4.25.1&#8243; _module_preset=&#8221;default&#8221; global_colors_info=&#8221;{}&#8221;][et_pb_image src=&#8221;https:\/\/www.hamburg-convention.com\/wp-content\/uploads\/2025\/10\/sustainable.png&#8221; _builder_version=&#8221;4.27.4&#8243; _module_preset=&#8221;default&#8221; title_text=&#8221;sustainable&#8221; dvmd_acat_aria_hidden=&#8221;on&#8221; hover_enabled=&#8221;0&#8243; sticky_enabled=&#8221;0&#8243;][\/et_pb_image][\/et_pb_column][et_pb_column type=&#8221;1_2&#8243; module_class=&#8221;vertical-align&#8221; _builder_version=&#8221;4.25.1&#8243; _module_preset=&#8221;default&#8221; global_colors_info=&#8221;{}&#8221;][et_pb_text _builder_version=&#8221;4.21.0&#8243; _module_preset=&#8221;e220351b-b4b2-4b64-9718-683af30f251a&#8221; text_orientation_tablet=&#8221;center&#8221; text_orientation_phone=&#8221;center&#8221; text_orientation_last_edited=&#8221;on|phone&#8221; global_colors_info=&#8221;{}&#8221;]<\/p>\n<p class=\"p1\">Especially in event planning and implementation, a clever head and a well thought-out strategy can reduce the impact on people and the environment in advance.<\/p>\n<p><\/p>\n<p class=\"p1\">Accordingly, there are of course also event service providers and caterers in Hamburg who focus on the topic of sustainability.<\/p>\n<p>[\/et_pb_text][et_pb_blurb title=&#8221;Sustainable event planning&#8221; url=&#8221;@ET-DC@eyJkeW5hbWljIjp0cnVlLCJjb250ZW50IjoicG9zdF9saW5rX3VybF9wYWdlIiwic2V0dGluZ3MiOnsicG9zdF9pZCI6IjcwNjcifX0=@&#8221; use_icon=&#8221;on&#8221; font_icon=&#8221;&#x5a;||divi||400&#8243; _builder_version=&#8221;4.25.1&#8243; _dynamic_attributes=&#8221;url,link_option_url&#8221; _module_preset=&#8221;b0c7072f-a9d6-45d2-b42a-b84cef81ebf7&#8243; width=&#8221;60%&#8221; width_tablet=&#8221;60%&#8221; width_phone=&#8221;60%&#8221; width_last_edited=&#8221;on|phone&#8221; max_width=&#8221;100%&#8221; link_option_url=&#8221;@ET-DC@eyJkeW5hbWljIjp0cnVlLCJjb250ZW50IjoicG9zdF9saW5rX3VybF9wYWdlIiwic2V0dGluZ3MiOnsicG9zdF9pZCI6IjcwNjcifX0=@&#8221; module_alignment_tablet=&#8221;center&#8221; module_alignment_phone=&#8221;center&#8221; module_alignment_last_edited=&#8221;on|tablet&#8221; box_shadow_style=&#8221;preset3&#8243; global_colors_info=&#8221;{}&#8221;]<\/p>\n<p>Step by step to a positive handprint<\/p>\n<p>[\/et_pb_blurb][\/et_pb_column][\/et_pb_row][\/et_pb_section][et_pb_section fb_built=&#8221;1&#8243; _builder_version=&#8221;4.19.4&#8243; _module_preset=&#8221;53b11fd9-ffd6-4fdb-ba00-ecc28ad28f74&#8243; background_color=&#8221;#E3E3E3&#8243; background_enable_pattern_style=&#8221;on&#8221; background_pattern_style=&#8221;honeycomb&#8221; background_pattern_color=&#8221;rgba(0,0,0,0.05)&#8221; custom_padding_phone=&#8221;0px||0px||false|false&#8221; background_last_edited=&#8221;on|phone&#8221; use_background_color_gradient_tablet=&#8221;off&#8221; use_background_color_gradient_phone=&#8221;off&#8221; global_colors_info=&#8221;{}&#8221;][et_pb_row column_structure=&#8221;1_2,1_2&#8243; make_equal=&#8221;on&#8221; _builder_version=&#8221;4.19.4&#8243; _module_preset=&#8221;2fcf2e27-de1c-4318-a1bb-62ae541fe050&#8243; width_tablet=&#8221;&#8221; width_phone=&#8221;100%&#8221; width_last_edited=&#8221;on|phone&#8221; custom_padding_phone=&#8221;0px||0px||false|false&#8221; global_colors_info=&#8221;{}&#8221; width__hover_enabled=&#8221;on|desktop&#8221;][et_pb_column type=&#8221;1_2&#8243; module_class=&#8221;vertical-align&#8221; _builder_version=&#8221;4.19.4&#8243; _module_preset=&#8221;default&#8221; global_colors_info=&#8221;{}&#8221;][et_pb_text _builder_version=&#8221;4.21.0&#8243; _module_preset=&#8221;6a5aa89f-4889-4d3a-baf7-5207ec6b1b8c&#8221; global_colors_info=&#8221;{}&#8221;]<\/p>\n<p>\u00a9 Andreas Goellner\/Pixabay<\/p>\n<p>[\/et_pb_text][et_pb_image src=&#8221;https:\/\/www.hamburg-convention.com\/wp-content\/uploads\/2023\/05\/Hochbeet-AndreasGoellner.jpg&#8221; title_text=&#8221;Raised bed&#8221; _builder_version=&#8221;4.21.0&#8243; _module_preset=&#8221;default&#8221; custom_margin=&#8221;||0px||false|false&#8221; global_colors_info=&#8221;{}&#8221;][\/et_pb_image][et_pb_toggle title=&#8221;Green spelt patty was yesterday&#8221; _builder_version=&#8221;4.21.0&#8243; _module_preset=&#8221;dbe4a7c1-4351-4a65-b845-9a5008d24187&#8243; global_colors_info=&#8221;{}&#8221;]<\/p>\n<p class=\"p1\">A &#8220;culinary revolt for a better world&#8221; is promised by <a title=\"https:\/\/www.elementum-catering.com\/\" href=\"https:\/\/www.elementum-catering.com\/\" target=\"_blank\" rel=\"nofollow noopener\">Elementum<\/a>. Patrick Diehr, who also runs the <a title=\"https:\/\/koch-fabrik.com\/\" href=\"https:\/\/koch-fabrik.com\/\" target=\"_blank\" rel=\"nofollow noopener\">Koch-Fabrik<\/a>, and his team <a title=\"http:\/\/www.futouris.org\/online-tools\/\" href=\"http:\/\/www.futouris.org\/online-tools\/\" target=\"_blank\" rel=\"nofollow noopener\">can reduce the CO<sub>\u00b2<\/sub> emissions of an event by 95%<\/a> through clever strategy alone and, for example, by dispensing with technical equipment, radically local products and re- and upcycling .<\/p>\n<p><\/p>\n<p class=\"p1\">Equally exciting is Hobenk\u00f6\u00f6k. Probably unique in Europe, Hobenk\u00f6\u00f6k combines restaurant, market hall and catering. The holistic orientation is the foundation for the company. Regional producers, no intermediate routes and &#8220;nose to tail&#8221; as a matter of principle. Even food scraps are composted and used as natural fertiliser in their own herb or raised beds. In addition, there is appreciation for the producers and, for example, educational work with children and young people on nutrition together with the Kinderjahre foundation.<\/p>\n<p><\/p>\n<p class=\"p1\">Did we mention that right next to Hobenk\u00f6\u00f6k is the &#8220;<a title=\"https:\/\/hobenkoeoek.de\/catering\/locations\/gleishalle\/\" href=\"https:\/\/hobenkoeoek.de\/catering\/locations\/gleishalle\/\" target=\"_blank\" rel=\"nofollow noopener\">Gleishalle<\/a>&#8220;? On 350 m\u00b2, a creative socio-cultural meeting and event venue presents itself in the middle of Hamburg&#8217;s Oberhafen quarter. Around 200 people can meet or hold meetings in the open hall with its industrial charm. Of course, company parties or workshops and seminars are also possible in the &#8220;Gleishalle&#8221;. Hobenk\u00f6\u00f6k takes care of the catering, so the sustainable demand for an event is fulfilled here as well.<\/p>\n<p>[\/et_pb_toggle][\/et_pb_column][et_pb_column type=&#8221;1_2&#8243; _builder_version=&#8221;4.19.4&#8243; _module_preset=&#8221;default&#8221; global_colors_info=&#8221;{}&#8221;][et_pb_text _builder_version=&#8221;4.21.0&#8243; _module_preset=&#8221;6a5aa89f-4889-4d3a-baf7-5207ec6b1b8c&#8221; global_colors_info=&#8221;{}&#8221;]<\/p>\n<p>\u00a9 Karsten Bergmann\/Pixabay<\/p>\n<p>[\/et_pb_text][et_pb_image src=&#8221;https:\/\/www.hamburg-convention.com\/wp-content\/uploads\/2023\/05\/Gruenes-Hamburg_KarstenBergmann.jpg&#8221; title_text=&#8221;Green Hamburg&#8221; _builder_version=&#8221;4.21.0&#8243; _module_preset=&#8221;default&#8221; custom_margin=&#8221;||0px||false|false&#8221; global_colors_info=&#8221;{}&#8221;][\/et_pb_image][et_pb_toggle title=&#8221;Gold correct with Green Events Hamburg&#8221; _builder_version=&#8221;4.21.0&#8243; _module_preset=&#8221;dbe4a7c1-4351-4a65-b845-9a5008d24187&#8243; custom_margin_tablet=&#8221;&#8221; custom_margin_phone=&#8221;||0px||false|false&#8221; custom_margin_last_edited=&#8221;on|tablet&#8221; global_colors_info=&#8221;{}&#8221;]<\/p>\n<p class=\"p1\">Hamburg also offers a special network dedicated to sustainability in event planning: <a title=\"https:\/\/greeneventshamburg.de\/\" href=\"https:\/\/greeneventshamburg.de\/\" target=\"_blank\" rel=\"nofollow noopener\">Green Events Hamburg<\/a> ! The future-oriented network consists of players dedicated to ecologically and socially responsible events. In the &#8220;Tatenbank&#8221; you will find, for example, a directory of sustainable service providers in Hamburg, but also assistance such as checklists for sustainable events, so that you can act as climate-friendly and sustainable as possible when organising your own event.<\/p>\n<p><\/p>\n<p class=\"p1\">If you need a strong network to advise you on events or to find the right service providers, Green Events Hamburg <a title=\"https:\/\/greeneventshamburg.de\/wp-content\/uploads\/2022\/08\/220818_GREENEVENTS_Handreichung_Digital_compressed.pdf\" href=\"https:\/\/greeneventshamburg.de\/wp-content\/uploads\/2022\/08\/220818_GREENEVENTS_Handreichung_Digital_compressed.pdf\" target=\"_blank\" rel=\"nofollow noopener\">is the right place to go<\/a>. Direct consultation by Green Events for your specific event is also possible. We will be happy to <a title=\"mailto:sustainability@hamburg-convention.com\" href=\"mailto:sustainability@hamburg-convention.com\">establish contact<\/a> and coordinate an appointment.<\/p>\n<p>[\/et_pb_toggle][\/et_pb_column][\/et_pb_row][\/et_pb_section][et_pb_section fb_built=&#8221;1&#8243; specialty=&#8221;on&#8221; _builder_version=&#8221;4.21.0&#8243; _module_preset=&#8221;default&#8221; global_colors_info=&#8221;{}&#8221;][et_pb_column type=&#8221;1_2&#8243; _builder_version=&#8221;4.16&#8243; custom_padding=&#8221;|||&#8221; global_colors_info=&#8221;{}&#8221; custom_padding__hover=&#8221;|||&#8221;][et_pb_text _builder_version=&#8221;4.25.1&#8243; _module_preset=&#8221;7cc67979-cb13-42a3-8537-ac3ae1180d29&#8243; global_colors_info=&#8221;{}&#8221;]<\/p>\n<h2>What about CO<strong>\u2082<\/strong>?<\/h2>\n<p><\/p>\n<p>But how much CO\u2082 does an event like this actually emit? How big is the footprint that my event leaves behind? This is where the CO\u2082 calculator from the Federal Environment Agency can help. The calculator helps to estimate the CO\u2082 consumption of catering, accommodation, mobility and the event location. In order to compensate for the CO\u2082 that is nevertheless produced at your own event, we recommend two corresponding programmes: <a title=\"www.greenmiles.de\" href=\"https:\/\/greenmiles.de\/\" target=\"_blank\" rel=\"nofollow noopener\">Greenmiles<\/a> and <a title=\"www.goldstandard.org\" href=\"https:\/\/www.goldstandard.org\/\" target=\"_blank\" rel=\"nofollow noopener\">Gold Standard<\/a>.<\/p>\n<p><\/p>\n<p>At this point, we would also like to point out two checklists provided by the Federal Environment Agency and the Federal Office for the Environment, Nature Conservation and Nuclear Safety.<\/p>\n<p><\/p>\n<p>And finally, of course, there&#8217;s us and our team at the Hamburg Convention Bureau. We are always happy to support you in the selection of sustainable venues.<\/p>\n<p>[\/et_pb_text][\/et_pb_column][et_pb_column type=&#8221;1_2&#8243; specialty_columns=&#8221;2&#8243; _builder_version=&#8221;4.16&#8243; custom_padding=&#8221;|||&#8221; global_colors_info=&#8221;{}&#8221; custom_padding__hover=&#8221;|||&#8221;][et_pb_row_inner column_structure=&#8221;1_2,1_2&#8243; module_class=&#8221;tablet-two-cols phone-two-cols&#8221; _builder_version=&#8221;4.21.0&#8243; _module_preset=&#8221;default&#8221; global_colors_info=&#8221;{}&#8221;][et_pb_column_inner type=&#8221;1_2&#8243; saved_specialty_column_type=&#8221;1_2&#8243; _builder_version=&#8221;4.21.0&#8243; _module_preset=&#8221;default&#8221; global_colors_info=&#8221;{}&#8221;][et_pb_blurb title=&#8221;Guideline Umweltbundesamt&#8221; url=&#8221;\/wp-content\/uploads\/2023\/05\/checklisten_interaktiv_nachhaltige_organinasition.pdf&#8221; url_new_window=&#8221;on&#8221; use_icon=&#8221;on&#8221; font_icon=&#8221;&#xf1c1;||fa||400&#8243; image_icon_width=&#8221;70px&#8221; _builder_version=&#8221;4.21.0&#8243; _module_preset=&#8221;default&#8221; header_level=&#8221;h3&#8243; header_font=&#8221;HamburgSans Regular||||||||&#8221; header_text_color=&#8221;#000000&#8243; header_font_size=&#8221;14px&#8221; body_link_text_color=&#8221;#aaaaaa&#8221; text_orientation=&#8221;center&#8221; header_font_size_tablet=&#8221;14px&#8221; body_line_height_tablet=&#8221;1.4em&#8221; global_colors_info=&#8221;{}&#8221; header_text_color__hover_enabled=&#8221;on|hover&#8221; header_text_color__hover=&#8221;#E10019&#8243; custom_css_blurb_image_tablet=&#8221;margin-bottom:15px;&#8221; body_link_text_color__hover_enabled=&#8221;on|hover&#8221; body_link_text_color__hover=&#8221;#E10019&#8243;]<\/p>\n<p><a href=\"\/wp-content\/uploads\/2023\/05\/Nachhaltigkeitsstrategie_HHT.pdf\" target=\"_blank\" rel=\"noopener\" title=\"\/wp-content\/uploads\/2023\/05\/Nachhaltigkeitsstrategie_HHT.pdf\">PDF-Download<\/a><\/p>\n<p>[\/et_pb_blurb][et_pb_blurb title=&#8221;Refill&#8221; url=&#8221;https:\/\/refill-deutschland.de\/hamburg\/&#8221; url_new_window=&#8221;on&#8221; use_icon=&#8221;on&#8221; font_icon=&#8221;&#xf72f;||fa||900&#8243; image_icon_width=&#8221;70px&#8221; _builder_version=&#8221;4.21.0&#8243; _module_preset=&#8221;default&#8221; header_level=&#8221;h3&#8243; header_font=&#8221;HamburgSans Regular||||||||&#8221; header_text_color=&#8221;#000000&#8243; header_font_size=&#8221;14px&#8221; body_text_color=&#8221;#aaaaaa&#8221; body_link_text_color=&#8221;#aaaaaa&#8221; text_orientation=&#8221;center&#8221; header_font_size_tablet=&#8221;14px&#8221; body_line_height_tablet=&#8221;1.4em&#8221; global_colors_info=&#8221;{}&#8221; header_text_color__hover_enabled=&#8221;on|hover&#8221; header_text_color__hover=&#8221;#E10019&#8243; custom_css_blurb_image_tablet=&#8221;margin-bottom:15px;&#8221; body_link_text_color__hover_enabled=&#8221;on|hover&#8221; body_link_text_color__hover=&#8221;#E10019&#8243;]<\/p>\n<p><a href=\"https:\/\/refill-deutschland.de\/hamburg\/\" target=\"_blank\" rel=\"noopener nofollow\" title=\"https:\/\/refill-deutschland.de\/hamburg\/\">www.refill-deutschland.de<\/a><\/p>\n<p>[\/et_pb_blurb][\/et_pb_column_inner][et_pb_column_inner type=&#8221;1_2&#8243; saved_specialty_column_type=&#8221;1_2&#8243; _builder_version=&#8221;4.21.0&#8243; _module_preset=&#8221;default&#8221; global_colors_info=&#8221;{}&#8221;][et_pb_blurb title=&#8221;CO\u2082 calculator&#8221; url=&#8221;https:\/\/www.umweltbundesamt.de\/nachhaltige-veranstaltungen&#8221; url_new_window=&#8221;on&#8221; use_icon=&#8221;on&#8221; font_icon=&#8221;&#xf57d;||fa||900&#8243; image_icon_width=&#8221;70px&#8221; _builder_version=&#8221;4.21.0&#8243; _module_preset=&#8221;default&#8221; header_level=&#8221;h3&#8243; header_font=&#8221;HamburgSans Regular||||||||&#8221; header_text_color=&#8221;#000000&#8243; header_font_size=&#8221;14px&#8221; body_text_color=&#8221;#aaaaaa&#8221; body_link_text_color=&#8221;#aaaaaa&#8221; text_orientation=&#8221;center&#8221; header_font_size_tablet=&#8221;14px&#8221; body_line_height_tablet=&#8221;1.4em&#8221; global_colors_info=&#8221;{}&#8221; header_text_color__hover_enabled=&#8221;on|hover&#8221; header_text_color__hover=&#8221;#E10019&#8243; custom_css_blurb_image_tablet=&#8221;margin-bottom:15px;&#8221; body_link_text_color__hover_enabled=&#8221;on|hover&#8221; body_link_text_color__hover=&#8221;#E10019&#8243;]<\/p>\n<p><a href=\"https:\/\/www.umweltbundesamt.de\/nachhaltige-veranstaltungen\" target=\"_blank\" rel=\"noopener nofollow\" title=\"https:\/\/www.umweltbundesamt.de\/nachhaltige-veranstaltungen\">www.umweltbundesamt.de<\/a><\/p>\n<p>[\/et_pb_blurb][et_pb_blurb title=&#8221;Recup&#8221; url=&#8221;https:\/\/recup.de\/&#8221; url_new_window=&#8221;on&#8221; use_icon=&#8221;on&#8221; font_icon=&#8221;&#xf1ce;||fa||900&#8243; image_icon_width=&#8221;70px&#8221; _builder_version=&#8221;4.21.0&#8243; _module_preset=&#8221;default&#8221; header_level=&#8221;h3&#8243; header_font=&#8221;HamburgSans Regular||||||||&#8221; header_text_color=&#8221;#000000&#8243; header_font_size=&#8221;14px&#8221; body_text_color=&#8221;#aaaaaa&#8221; body_link_text_color=&#8221;#aaaaaa&#8221; text_orientation=&#8221;center&#8221; header_font_size_tablet=&#8221;14px&#8221; body_line_height_tablet=&#8221;1.4em&#8221; global_colors_info=&#8221;{}&#8221; header_text_color__hover_enabled=&#8221;on|hover&#8221; header_text_color__hover=&#8221;#E10019&#8243; custom_css_blurb_image_tablet=&#8221;margin-bottom:15px;&#8221; body_link_text_color__hover_enabled=&#8221;on|hover&#8221; body_link_text_color__hover=&#8221;#E10019&#8243;]<\/p>\n<p><a href=\"https:\/\/recup.de\/\" target=\"_blank\" rel=\"noopener nofollow\" title=\"https:\/\/recup.de\/\">www.recup.de<\/a><\/p>\n<p>[\/et_pb_blurb][\/et_pb_column_inner][\/et_pb_row_inner][\/et_pb_column][\/et_pb_section][et_pb_section fb_built=&#8221;1&#8243; _builder_version=&#8221;4.21.0&#8243; _module_preset=&#8221;default&#8221; global_colors_info=&#8221;{}&#8221;][et_pb_row _builder_version=&#8221;4.21.0&#8243; _module_preset=&#8221;default&#8221; global_colors_info=&#8221;{}&#8221;][et_pb_column type=&#8221;4_4&#8243; _builder_version=&#8221;4.21.0&#8243; _module_preset=&#8221;default&#8221; global_colors_info=&#8221;{}&#8221;][et_pb_button button_url=&#8221;https:\/\/www.hamburg-convention.com\/en\/sustainability\/#overview&#8221; button_text=&#8221;To the overview&#8221; button_alignment=&#8221;center&#8221; _builder_version=&#8221;4.21.0&#8243; _module_preset=&#8221;default&#8221; global_colors_info=&#8221;{}&#8221;][\/et_pb_button][\/et_pb_column][\/et_pb_row][\/et_pb_section]<\/p>\n","protected":false},"excerpt":{"rendered":"<p>Service partners who make your event sustainable on all levels<\/p>\n","protected":false},"author":2,"featured_media":5288,"parent":4061,"menu_order":0,"comment_status":"closed","ping_status":"closed","template":"","meta":{"_acf_changed":false,"_et_pb_use_builder":"on","_et_pb_old_content":"","_et_gb_content_width":"","footnotes":""},"class_list":["post-5341","page","type-page","status-publish","has-post-thumbnail","hentry"],"acf":[],"_links":{"self":[{"href":"https:\/\/www.hamburg-convention.com\/en\/wp-json\/wp\/v2\/pages\/5341","targetHints":{"allow":["GET"]}}],"collection":[{"href":"https:\/\/www.hamburg-convention.com\/en\/wp-json\/wp\/v2\/pages"}],"about":[{"href":"https:\/\/www.hamburg-convention.com\/en\/wp-json\/wp\/v2\/types\/page"}],"author":[{"embeddable":true,"href":"https:\/\/www.hamburg-convention.com\/en\/wp-json\/wp\/v2\/users\/2"}],"replies":[{"embeddable":true,"href":"https:\/\/www.hamburg-convention.com\/en\/wp-json\/wp\/v2\/comments?post=5341"}],"version-history":[{"count":8,"href":"https:\/\/www.hamburg-convention.com\/en\/wp-json\/wp\/v2\/pages\/5341\/revisions"}],"predecessor-version":[{"id":9799928,"href":"https:\/\/www.hamburg-convention.com\/en\/wp-json\/wp\/v2\/pages\/5341\/revisions\/9799928"}],"up":[{"embeddable":true,"href":"https:\/\/www.hamburg-convention.com\/en\/wp-json\/wp\/v2\/pages\/4061"}],"wp:featuredmedia":[{"embeddable":true,"href":"https:\/\/www.hamburg-convention.com\/en\/wp-json\/wp\/v2\/media\/5288"}],"wp:attachment":[{"href":"https:\/\/www.hamburg-convention.com\/en\/wp-json\/wp\/v2\/media?parent=5341"}],"curies":[{"name":"wp","href":"https:\/\/api.w.org\/{rel}","templated":true}]}}