{"id":4100,"date":"2023-01-16T13:00:03","date_gmt":"2023-01-16T12:00:03","guid":{"rendered":"https:\/\/hcb.gtpccgalaxie.de\/things-to-know\/"},"modified":"2025-01-15T11:51:52","modified_gmt":"2025-01-15T10:51:52","slug":"things-to-know","status":"publish","type":"page","link":"https:\/\/www.hamburg-convention.com\/en\/things-to-know\/","title":{"rendered":"Things to know"},"content":{"rendered":"<p>[et_pb_section fb_built=&#8221;1&#8243; _builder_version=&#8221;4.27.4&#8243; _dynamic_attributes=&#8221;background_image&#8221; _module_preset=&#8221;68c5214d-cbcc-4cf6-a4e4-ee07000e1968&#8243; background_image=&#8221;@ET-DC@eyJkeW5hbWljIjp0cnVlLCJjb250ZW50IjoicG9zdF9mZWF0dXJlZF9pbWFnZSIsInNldHRpbmdzIjp7fX0=@&#8221; hover_enabled=&#8221;0&#8243; global_colors_info=&#8221;{}&#8221; dvmd_acat_aria_role_type=&#8221;document_structure&#8221; dvmd_acat_aria_document_structure_role=&#8221;heading&#8221; sticky_enabled=&#8221;0&#8243;][et_pb_row _builder_version=&#8221;4.19.3&#8243; _module_preset=&#8221;31b39e54-b7cb-40a1-8d4d-08133be3cf4c&#8221; global_colors_info=&#8221;{}&#8221;][et_pb_column type=&#8221;4_4&#8243; _builder_version=&#8221;4.19.3&#8243; _module_preset=&#8221;default&#8221; global_colors_info=&#8221;{}&#8221;][et_pb_text _builder_version=&#8221;4.19.4&#8243; _module_preset=&#8221;default&#8221; text_font_size=&#8221;1.5em&#8221; text_line_height=&#8221;1.9em&#8221; text_orientation=&#8221;center&#8221; background_layout=&#8221;dark&#8221; custom_margin=&#8221;||0px||false|false&#8221; custom_padding=&#8221;||0px|||&#8221; text_font_size_tablet=&#8221;1.5em&#8221; text_font_size_phone=&#8221;1em&#8221; text_font_size_last_edited=&#8221;on|desktop&#8221; text_line_height_tablet=&#8221;1.9em&#8221; text_line_height_phone=&#8221;1.7em&#8221; text_line_height_last_edited=&#8221;on|phone&#8221; text_orientation_tablet=&#8221;center&#8221; text_orientation_phone=&#8221;&#8221; text_orientation_last_edited=&#8221;on|tablet&#8221; text_text_shadow_style=&#8221;preset3&#8243; global_colors_info=&#8221;{}&#8221;]<\/p>\n<h1>Things to know about Hamburg as a MICE location<\/h1>\n<h2>Hard and soft facts around your event<\/h2>\n<p>[\/et_pb_text][\/et_pb_column][\/et_pb_row][et_pb_row _builder_version=&#8221;4.19.4&#8243; _module_preset=&#8221;default&#8221; positioning=&#8221;absolute&#8221; position_origin_a=&#8221;bottom_right&#8221; custom_padding=&#8221;|10px|0px|10px|false|true&#8221; global_colors_info=&#8221;{}&#8221;][et_pb_column type=&#8221;4_4&#8243; _builder_version=&#8221;4.19.4&#8243; _module_preset=&#8221;default&#8221; global_colors_info=&#8221;{}&#8221;][et_pb_text _builder_version=&#8221;4.19.5&#8243; _module_preset=&#8221;2677baef-f1dc-4a9f-b59b-3ccabc44a8bb&#8221; text_text_color=&#8221;#FFFFFF&#8221; global_colors_info=&#8221;{}&#8221;]\u00a9 Karsten Bergmann\/pixabay[\/et_pb_text][\/et_pb_column][\/et_pb_row][\/et_pb_section][et_pb_section fb_built=&#8221;1&#8243; _builder_version=&#8221;4.27.4&#8243; _module_preset=&#8221;default&#8221; hover_enabled=&#8221;0&#8243; global_colors_info=&#8221;{}&#8221; sticky_enabled=&#8221;0&#8243; dvmd_acat_aria_role_type=&#8221;landmark&#8221; dvmd_acat_aria_landmark_role=&#8221;main&#8221; dvmd_acat_aria_label=&#8221;Content&#8221;][et_pb_row _builder_version=&#8221;4.24.2&#8243; _module_preset=&#8221;default&#8221; global_colors_info=&#8221;{}&#8221;][et_pb_column type=&#8221;4_4&#8243; _builder_version=&#8221;4.24.2&#8243; _module_preset=&#8221;default&#8221; global_colors_info=&#8221;{}&#8221;][et_pb_text _builder_version=&#8221;4.22.1&#8243; _module_preset=&#8221;default&#8221; global_colors_info=&#8221;{}&#8221;]<\/p>\n<p>Hamburg as a MICE destination is not only defined by top hotels and exciting locations. A successful event also includes topics such as accessibility, mobility in the city, sustainability, current regulations or subsidies. Here, too, Hamburg offers ideal conditions for your event.<\/p>\n<p>[\/et_pb_text][\/et_pb_column][\/et_pb_row][et_pb_row column_structure=&#8221;1_4,1_4,1_4,1_4&#8243; _builder_version=&#8221;4.24.2&#8243; _module_preset=&#8221;default&#8221; global_colors_info=&#8221;{}&#8221;][et_pb_column type=&#8221;1_4&#8243; _builder_version=&#8221;4.24.2&#8243; _module_preset=&#8221;default&#8221; global_colors_info=&#8221;{}&#8221;][et_pb_blurb title=&#8221;Congress funding&#8221; url=&#8221;@ET-DC@eyJkeW5hbWljIjp0cnVlLCJjb250ZW50IjoicG9zdF9saW5rX3VybF9wYWdlIiwic2V0dGluZ3MiOnsicG9zdF9pZCI6IjU2NTUifX0=@&#8221; image=&#8221;https:\/\/www.hamburg-convention.com\/wp-content\/uploads\/2023\/08\/HCB-Kongressfoerderung.jpg&#8221; image_icon_width=&#8221;70%&#8221; image_icon_width_phone=&#8221;75px&#8221; _builder_version=&#8221;4.27.4&#8243; _dynamic_attributes=&#8221;url&#8221; _module_preset=&#8221;4f4f03ae-a145-44a3-8264-81863976ed01&#8243; hover_enabled=&#8221;0&#8243; global_colors_info=&#8221;{}&#8221; alt=&#8221;Crowds of people throng the corridor at Hamburg Messe&#8221; title_text=&#8221;HCB-Kongressfoerderung&#8221; sticky_enabled=&#8221;0&#8243; dvmd_acat_aria_role_type=&#8221;widget&#8221; dvmd_acat_aria_widget_role=&#8221;button&#8221; dvmd_acat_aria_label=&#8221;Link zu Kongressf\u00f6rderung.&#8221; dvmd_acat_aria_description=&#8221;Infos f\u00fcr ihre Kongressf\u00f6rderung.&#8221;]<\/p>\n<p>Support for organizers planning their congress in Hamburg.<\/p>\n<p>[\/et_pb_blurb][\/et_pb_column][et_pb_column type=&#8221;1_4&#8243; _builder_version=&#8221;4.24.2&#8243; _module_preset=&#8221;default&#8221; global_colors_info=&#8221;{}&#8221;][et_pb_blurb title=&#8221;Meeting Guide&#8221; url=&#8221;@ET-DC@eyJkeW5hbWljIjp0cnVlLCJjb250ZW50IjoicG9zdF9saW5rX3VybF9wYWdlIiwic2V0dGluZ3MiOnsicG9zdF9pZCI6IjE3MDIifX0=@&#8221; image=&#8221;https:\/\/www.hamburg-convention.com\/wp-content\/uploads\/2025\/01\/Luftaufnahme-HafenCity-und-Landungsbruecken-Mediaserver-Hamburg-Mediaserver-Hamburg-Doublevision-1.jpg&#8221; image_icon_width=&#8221;70%&#8221; image_icon_width_phone=&#8221;75px&#8221; _builder_version=&#8221;4.27.4&#8243; _dynamic_attributes=&#8221;url&#8221; _module_preset=&#8221;4f4f03ae-a145-44a3-8264-81863976ed01&#8243; hover_enabled=&#8221;0&#8243; global_colors_info=&#8221;{}&#8221; alt=&#8221;Aerial view over the harbour&#8221; title_text=&#8221;Luftaufnahme-HafenCity-und-Landungsbru\u0308cken-Mediaserver-Hamburg-Mediaserver-Hamburg&#8212;Doublevision&#8221; sticky_enabled=&#8221;0&#8243; dvmd_acat_aria_role_type=&#8221;widget&#8221; dvmd_acat_aria_widget_role=&#8221;button&#8221; dvmd_acat_aria_label=&#8221;Link zum Meeting Guide.&#8221; dvmd_acat_aria_description=&#8221;Themen zur Eventplanung.&#8221;]<\/p>\n<p>Looking for a hotel or event location? Here you will be helped.<\/p>\n<p>[\/et_pb_blurb][\/et_pb_column][et_pb_column type=&#8221;1_4&#8243; _builder_version=&#8221;4.24.2&#8243; _module_preset=&#8221;default&#8221; global_colors_info=&#8221;{}&#8221;][et_pb_blurb title=&#8221;Sustainability&#8221; url=&#8221;@ET-DC@eyJkeW5hbWljIjp0cnVlLCJjb250ZW50IjoicG9zdF9saW5rX3VybF9wYWdlIiwic2V0dGluZ3MiOnsicG9zdF9pZCI6IjE4MjEifX0=@&#8221; image=&#8221;https:\/\/www.hamburg-convention.com\/wp-content\/uploads\/2023\/05\/Nachhaltige-Incentives.jpg&#8221; image_icon_width=&#8221;70%&#8221; image_icon_width_phone=&#8221;75px&#8221; _builder_version=&#8221;4.27.4&#8243; _dynamic_attributes=&#8221;url&#8221; _module_preset=&#8221;4f4f03ae-a145-44a3-8264-81863976ed01&#8243; hover_enabled=&#8221;0&#8243; global_colors_info=&#8221;{}&#8221; alt=&#8221;Bird&#039;s eye view of the Alster&#8221; title_text=&#8221;Nachhaltige Incentives&#8221; sticky_enabled=&#8221;0&#8243; dvmd_acat_aria_role_type=&#8221;widget&#8221; dvmd_acat_aria_widget_role=&#8221;button&#8221; dvmd_acat_aria_label=&#8221;Link zu Nachhaltigkeit.&#8221; dvmd_acat_aria_description=&#8221;Infos zur nachhaltigen Eventplanung.&#8221;]<\/p>\n<p>Leave a positive handprint with your climate-friendly event in the green metropolis of Hamburg.<\/p>\n<p>[\/et_pb_blurb][\/et_pb_column][et_pb_column type=&#8221;1_4&#8243; _builder_version=&#8221;4.24.2&#8243; _module_preset=&#8221;default&#8221; global_colors_info=&#8221;{}&#8221;][et_pb_blurb title=&#8221;Mobility&#8221; url=&#8221;@ET-DC@eyJkeW5hbWljIjp0cnVlLCJjb250ZW50IjoicG9zdF9saW5rX3VybF9wYWdlIiwic2V0dGluZ3MiOnsicG9zdF9pZCI6IjE2MTIifX0=@&#8221; image=&#8221;https:\/\/www.hamburg-convention.com\/wp-content\/uploads\/2023\/01\/Mobilitaet-Landungsbruecken-KarstenBergmann-Pixabay.jpg&#8221; image_icon_width=&#8221;70%&#8221; image_icon_width_phone=&#8221;75px&#8221; _builder_version=&#8221;4.27.4&#8243; _dynamic_attributes=&#8221;url&#8221; _module_preset=&#8221;4f4f03ae-a145-44a3-8264-81863976ed01&#8243; hover_enabled=&#8221;0&#8243; global_colors_info=&#8221;{}&#8221; alt=&#8221;Landungsbr\u00fccken by night&#8221; title_text=&#8221;Mobilita\u0308t-Landungsbru\u0308cken-KarstenBergmann-Pixabay&#8221; sticky_enabled=&#8221;0&#8243; dvmd_acat_aria_role_type=&#8221;widget&#8221; dvmd_acat_aria_widget_role=&#8221;button&#8221; dvmd_acat_aria_label=&#8221;Link zu Mobilit\u00e4t.&#8221; dvmd_acat_aria_description=&#8221;Nach und in Hamburg reisen.&#8221;]<\/p>\n<p>Hamburg is easy to reach from anywhere in the world. And you can also get around the city easily.<\/p>\n<p>[\/et_pb_blurb][\/et_pb_column][\/et_pb_row][\/et_pb_section]<\/p>\n","protected":false},"excerpt":{"rendered":"<p>Hard and soft facts around your event<\/p>\n","protected":false},"author":2,"featured_media":4235,"parent":0,"menu_order":0,"comment_status":"closed","ping_status":"closed","template":"","meta":{"_acf_changed":false,"_et_pb_use_builder":"on","_et_pb_old_content":"","_et_gb_content_width":"","footnotes":""},"class_list":["post-4100","page","type-page","status-publish","has-post-thumbnail","hentry"],"acf":[],"_links":{"self":[{"href":"https:\/\/www.hamburg-convention.com\/en\/wp-json\/wp\/v2\/pages\/4100","targetHints":{"allow":["GET"]}}],"collection":[{"href":"https:\/\/www.hamburg-convention.com\/en\/wp-json\/wp\/v2\/pages"}],"about":[{"href":"https:\/\/www.hamburg-convention.com\/en\/wp-json\/wp\/v2\/types\/page"}],"author":[{"embeddable":true,"href":"https:\/\/www.hamburg-convention.com\/en\/wp-json\/wp\/v2\/users\/2"}],"replies":[{"embeddable":true,"href":"https:\/\/www.hamburg-convention.com\/en\/wp-json\/wp\/v2\/comments?post=4100"}],"version-history":[{"count":10,"href":"https:\/\/www.hamburg-convention.com\/en\/wp-json\/wp\/v2\/pages\/4100\/revisions"}],"predecessor-version":[{"id":9799383,"href":"https:\/\/www.hamburg-convention.com\/en\/wp-json\/wp\/v2\/pages\/4100\/revisions\/9799383"}],"wp:featuredmedia":[{"embeddable":true,"href":"https:\/\/www.hamburg-convention.com\/en\/wp-json\/wp\/v2\/media\/4235"}],"wp:attachment":[{"href":"https:\/\/www.hamburg-convention.com\/en\/wp-json\/wp\/v2\/media?parent=4100"}],"curies":[{"name":"wp","href":"https:\/\/api.w.org\/{rel}","templated":true}]}}